{"id":609,"date":"2023-02-07T11:43:08","date_gmt":"2023-02-07T11:43:08","guid":{"rendered":"https:\/\/blog2023.pihlaketo-huovinen.fi\/?page_id=609"},"modified":"2023-02-08T07:56:54","modified_gmt":"2023-02-08T07:56:54","slug":"blogi-uusi","status":"publish","type":"page","link":"https:\/\/pihlaketo-huovinen.fi\/?page_id=609","title":{"rendered":"Blogi"},"content":{"rendered":"\n<p><\/p>\n\n\n\n<div id=\"wp-block-themeisle-blocks-advanced-columns-6ce8b702\" class=\"wp-block-themeisle-blocks-advanced-columns has-1-columns has-desktop-equal-layout has-tablet-equal-layout has-mobile-equal-layout has-vertical-unset\"><div class=\"wp-block-themeisle-blocks-advanced-columns-overlay\"><\/div><div class=\"innerblocks-wrap\">\n<div id=\"wp-block-themeisle-blocks-advanced-column-7ab8079a\" class=\"wp-block-themeisle-blocks-advanced-column\">\n<h2 class=\"wp-block-heading\">Pihlan kirjoituksia<\/h2>\n\n\n\n<p><a rel=\"noreferrer noopener\" href=\"https:\/\/puheenvuoro.uusisuomi.fi\/pihla-keto-huovinen\/katujen-lait\/\" target=\"_blank\">Jengirikollisuus &#8211; katujen lait <\/a><br><em>Uusi Suomi, Puheenvuoro<\/em><\/p>\n\n\n\n<p><a rel=\"noreferrer noopener\" href=\"http:\/\/Huume on ongelma on my\u00f6s sinun ongelma\" target=\"_blank\">Huume on ongelma on my\u00f6s sinun ongelma<\/a><br><em>Uusi Suomi, Puheenvuoro<\/em><\/p>\n\n\n\n<p><a rel=\"noreferrer noopener\" href=\"https:\/\/puheenvuoro.uusisuomi.fi\/pihla-keto-huovinen\/eiko-meita-haveta\/\" target=\"_blank\">Eik\u00f6 meit\u00e4 h\u00e4vet\u00e4\u00a0<\/a><br><em>Uusi Suomi, Puheenvuoro<\/em><\/p>\n\n\n\n<p><a rel=\"noreferrer noopener\" href=\"https:\/\/puheenvuoro.uusisuomi.fi\/pihla-keto-huovinen\/perustuslain-kilven-ei-pida-suojata-ihmisarvoa-loukkaavaa-puhetta\/\" target=\"_blank\">perustuslain kilven ei pid\u00e4 suojata ihmisarvoa loukkaavaa puhetta<br><\/a><em>Uusi Suomi, Puheenvuoro<\/em><\/p>\n\n\n\n<p><a rel=\"noreferrer noopener\" href=\"https:\/\/www.mantsalanuutiset.fi\/paikalliset\/5487081\" target=\"_blank\">V\u00e4kivaltaisen materiaalin hallussapito kriminalisoitava<\/a><br><em>M\u00e4nts\u00e4l\u00e4n Uutiset<\/em><\/p>\n\n\n\n<p><a rel=\"noreferrer noopener\" href=\"https:\/\/www.keski-uusimaa.fi\/paakirjoitus-mielipide\/5379720\" target=\"_blank\">El\u00e4inavusteinen ty\u00f6 osaksi valtakunnallisia hankkeita<br><\/a><em>Keski-Uusimaa<\/em><\/p>\n\n\n\n<p><a rel=\"noreferrer noopener\" href=\"https:\/\/www.hs.fi\/mielipide\/art-2000008636543.html\" target=\"_blank\">Raiskaus tuomion pit\u00e4isi olla aina ehdoton<br><\/a><em>Helsingin Sanomat, mielipide<\/em><\/p>\n\n\n\n<p><a rel=\"noreferrer noopener\" href=\"https:\/\/www.sttinfo.fi\/tiedote\/kokoomuksen-keto-huovinen-suomi-on-eun-toiseksi-turvattomin-maa-naiselle?publisherId=69819275&amp;releaseId=69951058\" target=\"_blank\">Suomi on EU:n toisiksi turvattomin maa naiselle  <\/a><br><em>Kokoomuksen eduskuntaryhm\u00e4, tiedote<\/em><\/p>\n\n\n\n<p><a rel=\"noreferrer noopener\" href=\"https:\/\/www.keski-uusimaa.fi\/paakirjoitus-mielipide\/4266798\" target=\"_blank\">Turvallisuus \u2013 taas yksi hallituksen petetty lupaus\u00a0<\/a><br><em>Keski-Uusimaa<\/em><\/p>\n\n\n\n<p><a rel=\"noreferrer noopener\" href=\"https:\/\/www.keski-uusimaa.fi\/paakirjoitus-mielipide\/3500349\" target=\"_blank\">Koulukiusaaminen \u2013 Rikos on rikos koulussakin\u00a0<\/a><br><em>Keski-Uusimaa<\/em><\/p>\n\n\n\n<p><a rel=\"noreferrer noopener\" href=\"https:\/\/www.keski-uusimaa.fi\/paakirjoitus-mielipide\/3171707\" target=\"_blank\">Rangaistuksien poisto ei ratkaise huumeongelmaa<\/a><br><em>Keski-Uusimaa\u00a0<\/em><\/p>\n\n\n\n<p><a rel=\"noreferrer noopener\" href=\"https:\/\/www.keski-uusimaa.fi\/paakirjoitus-mielipide\/3129928\" target=\"_blank\">Sote &#8211; H\u00e4t\u00e4huuto ihmisten puolesta<\/a><br><em>Keski-Uusimaa<\/em><\/p>\n\n\n\n<p><a rel=\"noreferrer noopener\" href=\"https:\/\/www.keski-uusimaa.fi\/paikalliset\/3123576\" target=\"_blank\">Seksuaalirikokset verkon pimeyden ydin\u00a0<\/a><br><em>Keski-Uusimaa<\/em><\/p>\n\n\n\n<p><a rel=\"noreferrer noopener\" href=\"https:\/\/www.keski-uusimaa.fi\/paakirjoitus-mielipide\/2829778\" target=\"_blank\">Kriisien kautta voittoon<\/a><br><em>Keski-Uusimaa<\/em><\/p>\n\n\n\n<p><a rel=\"noreferrer noopener\" href=\"https:\/\/www.keski-uusimaa.fi\/paakirjoitus-mielipide\/1805976\" target=\"_blank\">Toivonpilkahdus maskien takaa<\/a><br><em>Keski-Uusimaa<\/em><\/p>\n\n\n\n<p><a rel=\"noreferrer noopener\" href=\"https:\/\/www.kokoomus.fi\/pihla-keto-huovinen-vahva-oikeusvaltio-on-yhteiskunnan-perusta\/\" target=\"_blank\">Vahva oikeusvaltio on yhteiskunnan perusta <br><\/a><em>Kokoomus.fi<\/em><\/p>\n\n\n\n<p><a rel=\"noreferrer noopener\" href=\"https:\/\/puheenvuoro.uusisuomi.fi\/pihla-keto-huovinen\/kirjallinen-kysymys-jarjestaytyneesta-rikollisuudesta\/\" target=\"_blank\">J\u00e4rjest\u00e4ytynyt rikollisuus<\/a><br><em>Uusi Suomi, Puheenvuoro<\/em><\/p>\n\n\n\n<p><a rel=\"noreferrer noopener\" href=\"https:\/\/puheenvuoro.uusisuomi.fi\/pihla-keto-huovinen\/poliittisten-virkanimitysten-kuvottava-karuselli\/\" target=\"_blank\">Poliittisten virkanimitysten kuvottava karuselli<\/a><br><em>Uusi Suomi, Puheenvuoro<\/em><\/p>\n\n\n\n<p><a href=\"https:\/\/puheenvuoro.uusisuomi.fi\/pihla-keto-huovinen\/jos-mina-saisin-paattaa-rikosketjuperiaate\/\" target=\"_blank\" rel=\"noreferrer noopener\">Jos min\u00e4 saisin p\u00e4\u00e4tt\u00e4\u00e4: rikosketjuperiaate<\/a><br><em>Uusi Suomi, Puheenvuoro<\/em><\/p>\n\n\n\n<p><a href=\"https:\/\/puheenvuoro.uusisuomi.fi\/pihla-keto-huovinen\/todellisten-rikosten-todelliset-uhrit\/\" target=\"_blank\" rel=\"noreferrer noopener\">Todellisten rikosten todelliset uhrit<br><\/a>Uusi Suomi, Puheenvuoro<\/p>\n\n\n\n<p><a href=\"https:\/\/puheenvuoro.uusisuomi.fi\/pihla-keto-huovinen\/alakoulusta-elamaan\/\" target=\"_blank\" rel=\"noreferrer noopener\">Alakoulusta el\u00e4m\u00e4\u00e4n<br><\/a><em>Uusi Suomi, Puheenvuoro<\/em><\/p>\n\n\n\n<p><a rel=\"noreferrer noopener\" href=\"https:\/\/puheenvuoro.uusisuomi.fi\/pihla-keto-huovinen\/kirja-kainaloon-ja-riippumattoon-lukutaidon-merkitys\/\" target=\"_blank\">Kirja kainaloon ja riippumattoon \u2013 lukutaidon merkitys<\/a><br><em>Uusi Suomi, Puheenvuoro<\/em><\/p>\n\n\n\n<p><a href=\"https:\/\/puheenvuoro.uusisuomi.fi\/pihla-keto-huovinen\/jos-mina-saisin-paattaa-elainten-hyvinvointi\/\" target=\"_blank\" rel=\"noreferrer noopener\">Jos min\u00e4 saisin p\u00e4\u00e4tt\u00e4\u00e4 \u2013 el\u00e4intenhyvinvointi<\/a><br><em>Uusi Suomi, Puheenvuoro<\/em><\/p>\n\n\n\n<p><a rel=\"noreferrer noopener\" href=\"https:\/\/puheenvuoro.uusisuomi.fi\/pihla-keto-huovinen\/jos-mina-saisin-paattaa-terapiatakuu\/\" target=\"_blank\">Jos min\u00e4 saisin p\u00e4\u00e4tt\u00e4\u00e4 \u2013 terapiatakuu <br><\/a><em>Uusi Suomi, Puheenvuoro<\/em><\/p>\n\n\n\n<p><a rel=\"noreferrer noopener\" href=\"https:\/\/puheenvuoro.uusisuomi.fi\/pihla-keto-huovinen\/suomineidon-monet-kasvot\/\" target=\"_blank\">Suomi neidon monet kasvot<br><\/a><em>Uusi Suomi, Puheenvuoro<\/em><\/p>\n\n\n\n<p><a href=\"https:\/\/puheenvuoro.uusisuomi.fi\/pihla-keto-huovinen\/kohti-moniaanisempaa-yhteiskuntaa\/\" target=\"_blank\" rel=\"noreferrer noopener\">Kohti moni\u00e4\u00e4nisemp\u00e4\u00e4 yhteiskuntaa<br><\/a><em>Uusi Suomi, Puheenvuoro<\/em><\/p>\n\n\n\n<p><a rel=\"noreferrer noopener\" href=\"https:\/\/puheenvuoro.uusisuomi.fi\/pihla-keto-huovinen\/raiskauslainsaadanto-saatava-pohjoismaalaiselle-tasolle\/\" target=\"_blank\">Raiskauslains\u00e4\u00e4d\u00e4nt\u00f6 saatava pohjoismaiselle tasolle<\/a> <br><em>Uusi Suomi, Puheenvuoro<\/em><\/p>\n\n\n\n<p><a rel=\"noreferrer noopener\" href=\"https:\/\/puheenvuoro.uusisuomi.fi\/pihla-keto-huovinen\/kansallinen-hapea\/\" target=\"_blank\">Kansallinen h\u00e4pe\u00e4<\/a><br><em>Uusi Suomi, Puheenvuoro\u00a0<\/em><\/p>\n\n\n\n<p><a rel=\"noreferrer noopener\" href=\"https:\/\/puheenvuoro.uusisuomi.fi\/pihla-keto-huovinen\/oikeusvaltioperiaatteen-puolustamisessa-eulla-uskottavuus-pelissa\/\" target=\"_blank\">Oikeusvaltioperiaatteen puolustamisella EU:lla uskottavuus peliss\u00e4<\/a><br><em>Uusi Suomi, Puheenvuoro<\/em><\/p>\n\n\n\n<p><a rel=\"noreferrer noopener\" href=\"https:\/\/www.kokoomusnaiset.fi\/pihla-keto-huovinen-kunnes-jokainen-tytto-on-vapaa\/\" target=\"_blank\">Kunnes jokainen tytt\u00f6 on vapaa<br><\/a><em>K<\/em><em>okoomusnaiset.fi<\/em><\/p>\n\n\n\n<p><a rel=\"noreferrer noopener\" href=\"https:\/\/www.helsinginkokoomus.fi\/2023\/01\/13\/kokoomuksen-sarkomaa-ja-keto-huovinen-hallitus-petti-silpomisuhan-alla-elavat-tytot-eduskunnan-tahdon-vastaisesti-tyrmistyttava-laiminlyonti\/\" target=\"_blank\">Hallitus petti silpomisuhan alla el\u00e4v\u00e4t tyt\u00f6t eduskunnan tahdonvastaisesti \u2013 tyrmistytt\u00e4v\u00e4 laiminly\u00f6nti<\/a><br><em>Helsinginkokoomus.fi<\/em><\/p>\n\n\n\n<p><a rel=\"noreferrer noopener\" href=\"https:\/\/www.lansivayla.fi\/paakirjoitus-mielipide\/5625042\" target=\"_blank\">Sukupolvien v\u00e4linen oikeudenmukaisuus ei toteudu hallituksen talouspolitiikassa<\/a><br><em>L\u00e4nsiv\u00e4yl\u00e4<\/em><\/p>\n\n\n\n<p><a href=\"https:\/\/www.sttinfo.fi\/tiedote\/kokoomuksen-keto-huovinen-hallituksen-on-ryhdyttava-toimiin-ampuma-aseiden-kitkemiseksi?publisherId=69819275&amp;releaseId=69955117\" target=\"_blank\" rel=\"noreferrer noopener\">Ampuma-aseet<br><\/a><em>Kokoomuksen eduskuntaryhm\u00e4, tiedote<\/em><\/p>\n\n\n\n<p><a rel=\"noreferrer noopener\" href=\"https:\/\/www.mantsalanuutiset.fi\/paakirjoitus-mielipide\/4149053\" target=\"_blank\">Sote \u2013 Uudistaminen ei ole p\u00e4\u00e4asia, vaan laatu ratkaisee<\/a><br><em>M\u00e4nts\u00e4l\u00e4n Uutiset<\/em><\/p>\n\n\n\n<p><a rel=\"noreferrer noopener\" href=\"https:\/\/www.mantsalanuutiset.fi\/paakirjoitus-mielipide\/4131843\" target=\"_blank\">Nuorten hyvinvointi<\/a><br><em>M\u00e4nts\u00e4l\u00e4n Uutiset<\/em><\/p>\n\n\n\n<p><a rel=\"noreferrer noopener\" href=\"https:\/\/www.mantsalanuutiset.fi\/paakirjoitus-mielipide\/3885464\" target=\"_blank\">Turvallinen koulutie kuuluu kaikille<\/a><br><em>M\u00e4nts\u00e4l\u00e4n Uutiset<\/em><\/p>\n\n\n\n<p><a rel=\"noreferrer noopener\" href=\"https:\/\/www.mantsalanuutiset.fi\/paakirjoitus-mielipide\/3200069\" target=\"_blank\">Mietteit\u00e4 joulua odottaessa<\/a><br><em>M\u00e4nts\u00e4l\u00e4n Uutiset\u00a0<\/em><\/p>\n\n\n\n<p><a rel=\"noreferrer noopener\" href=\"https:\/\/www.mantsalanuutiset.fi\/paakirjoitus-mielipide\/3139156\" target=\"_blank\">Se on yht\u00e4 mielenkiintoinen kuin putkiremontti<\/a><br><em>M\u00e4nts\u00e4l\u00e4n Uutiset\u00a0<\/em><\/p>\n\n\n\n<p><a rel=\"noreferrer noopener\" href=\"https:\/\/www.mantsalanuutiset.fi\/paakirjoitus-mielipide\/2276448\" target=\"_blank\">Laadukas opetus on jokaisen lapsen oikeus<\/a><br><em>M\u00e4nts\u00e4l\u00e4n Uutiset<\/em><\/p>\n\n\n\n<p><a href=\"https:\/\/www.mantsalanuutiset.fi\/paakirjoitus-mielipide\/1646019\" target=\"_blank\" rel=\"noreferrer noopener\">KO-RO-NA \u2013 lasten tulevaisuus<br><\/a><em>M\u00e4nts\u00e4l\u00e4n Uutiset<\/em><\/p>\n\n\n\n<p><a rel=\"noreferrer noopener\" href=\"https:\/\/irtihuumeista.fi\/wp-content\/uploads\/IrtiHuumeista_09022022_Chepatiitti_PihlaKetoHuovinen.pdf\" target=\"_blank\">Tervetullut muistutus C-hepatiitin hoidosta<\/a><br><em>Irtihuumeista.fi, (pdf-tiedosto)<\/em><\/p>\n\n\n\n<p><a rel=\"noreferrer noopener\" href=\"https:\/\/www.kokoomusnaiset.fi\/itsemaaraamisoikeus-paranee-uuden-seksuaalirikoslain-myota-muttei-ole-viela-valmis\/\" target=\"_blank\">Itsem\u00e4\u00e4r\u00e4\u00e4misoikeus paranee uuden seksuaalirikoslain my\u00f6t\u00e4 &#8211; muttei ole viel\u00e4 valmis<\/a><br><em>Kokoomusnaiset.fi<\/em><\/p>\n\n\n\n<p><a rel=\"noreferrer noopener\" href=\"https:\/\/www.kokoomusnaiset.fi\/naisjournalistien-hairinta-on-uhka-demokratialle\/\" target=\"_blank\">Naisjournalistien h\u00e4irint\u00e4 on uhka demokratialle<\/a><br><em>Kokoomusnaiset.fi<\/em><\/p>\n\n\n\n<p><a rel=\"noreferrer noopener\" href=\"https:\/\/www.kokoomusnaiset.fi\/yhdenvertaisuus-ei-saa-olla-vain-korulauseita-siksi-pridea-tarvitaan\/\" target=\"_blank\">Yhdenvertaisuus ei saa olla vain korulauseita, siksi Pride\u00e4 tarvitaan<\/a><br><em>Kokoomusnaiset.fi<\/em><\/p>\n\n\n\n<p><a rel=\"noreferrer noopener\" href=\"https:\/\/www.kokoomusnaiset.fi\/pihla-keto-huovisen-puhe-kokoomuksen-kalajoen-puoluekokouksen-2022-avajaisissa\/\" target=\"_blank\">Avajaispuhe Kalajoen puoluekokouksessa<br><\/a><em>Kokoomusnaiset.fi<\/em><\/p>\n\n\n\n<p><a rel=\"noreferrer noopener\" href=\"https:\/\/www.kokoomusnaiset.fi\/naisen-paikka-on-turvassa-kitketaan-naisiin-kohdistuva-vakivalta-lopullisesti-yhteiskunnastamme\/\" target=\"_blank\">Naisen paikka on turvassa &#8211; kitket\u00e4\u00e4n naisiin kohdistuva v\u00e4kivalta lopullisesti yhteiskunnastamme<\/a><br><em>Kokoomusnaiset.fi<\/em><\/p>\n\n\n\n<p><a href=\"https:\/\/www.kokoomusnaiset.fi\/translain-uudistuksen-tulee-huomioida-lapsen-oikeudet\/\" target=\"_blank\" rel=\"noreferrer noopener\">Translain uudistuksen tulee huomioida lasten oikeudet<br><\/a><em>Kokoomusnaiset.fi<\/em><\/p>\n\n\n\n<p><a href=\"https:\/\/www.kokoomusnaiset.fi\/keto-huovinen-puhe-ala-lyo\/\" target=\"_blank\" rel=\"noreferrer noopener\">\u00c4L\u00c4 LY\u00d6 \u2013 valokuvan\u00e4yttelyn avajaispuhe SuomiAreena<br><\/a><em>Kokoomusnaiset.fi<\/em><\/p>\n\n\n\n<p><a rel=\"noreferrer noopener\" href=\"https:\/\/www.kokoomusnaiset.fi\/usan-esimerkki-ei-saa-toistua-suomen-aborttilainsaadantoa-on-paivitettava\/\" target=\"_blank\">USA:n esimerkki ei saa toistua \u2013 Suomen aborttilains\u00e4\u00e4d\u00e4nt\u00f6\u00e4 on p\u00e4ivitett\u00e4v\u00e4<\/a><br><em>Kokoomusnaiset.fi<\/em><\/p>\n\n\n\n<p><a rel=\"noreferrer noopener\" href=\"https:\/\/www.kokoomusnaiset.fi\/ilmastonmuutoksen-ja-luontokadon-torjuminen-huolenpitoa-lapsistamme-ja-tulevista-sukupolvista\/\" target=\"_blank\">Ilmastonmuutoksen- ja luontokadon torjuminen on huolenpitoa lapsistamme ja tulevista sukupolvista<\/a><br><em>Kokoomusnaiset.fi<\/em><\/p>\n\n\n\n<p><a href=\"https:\/\/www.kokoomusnaiset.fi\/kokoomusnaiset-vaativat-konkreettisia-toimintatapoja-hairintatapauksia-varten\/\" target=\"_blank\" rel=\"noreferrer noopener\">Konkreettisia toimintatapoja h\u00e4irint\u00e4tapauksia varten<br><\/a><em>Kokoomusnaiset.fi<\/em><\/p>\n<\/div>\n<\/div><\/div>\n","protected":false},"excerpt":{"rendered":"","protected":false},"author":1,"featured_media":0,"parent":0,"menu_order":0,"comment_status":"closed","ping_status":"closed","template":"page-templates\/template-pagebuilder-full-width.php","meta":{"neve_meta_sidebar":"","neve_meta_container":"","neve_meta_enable_content_width":"","neve_meta_content_width":0,"neve_meta_title_alignment":"","neve_meta_author_avatar":"","neve_post_elements_order":"","neve_meta_disable_header":"","neve_meta_disable_footer":"","neve_meta_disable_title":"","_themeisle_gutenberg_block_has_review":false,"_ti_tpc_template_sync":false,"_ti_tpc_template_id":"","footnotes":""},"class_list":["post-609","page","type-page","status-publish","hentry"],"_links":{"self":[{"href":"https:\/\/pihlaketo-huovinen.fi\/index.php?rest_route=\/wp\/v2\/pages\/609","targetHints":{"allow":["GET"]}}],"collection":[{"href":"https:\/\/pihlaketo-huovinen.fi\/index.php?rest_route=\/wp\/v2\/pages"}],"about":[{"href":"https:\/\/pihlaketo-huovinen.fi\/index.php?rest_route=\/wp\/v2\/types\/page"}],"author":[{"embeddable":true,"href":"https:\/\/pihlaketo-huovinen.fi\/index.php?rest_route=\/wp\/v2\/users\/1"}],"replies":[{"embeddable":true,"href":"https:\/\/pihlaketo-huovinen.fi\/index.php?rest_route=%2Fwp%2Fv2%2Fcomments&post=609"}],"version-history":[{"count":28,"href":"https:\/\/pihlaketo-huovinen.fi\/index.php?rest_route=\/wp\/v2\/pages\/609\/revisions"}],"predecessor-version":[{"id":678,"href":"https:\/\/pihlaketo-huovinen.fi\/index.php?rest_route=\/wp\/v2\/pages\/609\/revisions\/678"}],"wp:attachment":[{"href":"https:\/\/pihlaketo-huovinen.fi\/index.php?rest_route=%2Fwp%2Fv2%2Fmedia&parent=609"}],"curies":[{"name":"wp","href":"https:\/\/api.w.org\/{rel}","templated":true}]}}